{"id":20,"date":"2021-03-02T13:47:01","date_gmt":"2021-03-02T13:47:01","guid":{"rendered":"https:\/\/www.noack-pf.de\/?page_id=20"},"modified":"2021-03-22T08:06:02","modified_gmt":"2021-03-22T08:06:02","slug":"impressum","status":"publish","type":"page","link":"https:\/\/www.noack-pf.de\/index.php\/unternehmen-2\/impressum\/","title":{"rendered":"Impressum"},"content":{"rendered":"\n<p><strong>Firmenanschrift:<\/strong><\/p>\n\n\n\n<p>Noack Partner Fusion GmbH<\/p>\n\n\n\n<p>Am Klinikum&nbsp; 7<\/p>\n\n\n\n<p>D-02828&nbsp; G\u00f6rlitz<\/p>\n\n\n\n<p>Deutschland<\/p>\n\n\n\n<p><strong>Kontakt:<\/strong><\/p>\n\n\n\n<p>Telefon: +49 3581 361234<\/p>\n\n\n\n<p>Fax:&nbsp;&nbsp;&nbsp;&nbsp; +49 3581 361235<\/p>\n\n\n\n<p>E-Mail: info@noack-pf.de<\/p>\n\n\n\n<p><strong>Handelsregister:<\/strong><\/p>\n\n\n\n<p>HRB 37358 Amtsgericht Dresden<\/p>\n\n\n\n<p>Gesch\u00e4ftsf\u00fchrer: Wolfgang Noack<\/p>\n\n\n\n<p>Umsatzsteuer Ident Nummer:&nbsp; DE315513604&nbsp;<\/p>\n\n\n\n<p>Steuer Nummer: 207\/115\/03693<strong><\/strong><\/p>\n\n\n\n<p><strong>Gerichtsstand:<\/strong><br>G\u00f6rlitz<\/p>\n\n\n\n<p>Inhaltlich Verantwortlicher:<br>Wolfgang Noack (Anschrift wie oben)<\/p>\n\n\n\n<p>Alle Angaben unseres Internet-Angebotes wurden sorgf\u00e4ltig gepr\u00fcft. Wir bem\u00fchen uns, dieses Informationsangebot stetig zu erweitern und zu aktualisieren. Eine Garantie f\u00fcr die Vollst\u00e4ndigkeit, Richtigkeit und letzte Aktualit\u00e4t kann jedoch nicht \u00fcbernommen werden.<\/p>\n\n\n\n<p>Urheberrechte &amp; Marken<\/p>\n\n\n\n<p>Die Verwendung des Namens <a>Noack Partner Fusion GmbH<\/a>, bei der Werbung im Zusammenhang mit der Verbreitung dieser Dokumentation bedarf der ausdr\u00fccklichen schriftlichen Einwilligung der Noack Partner Fusion GmbH. Die Abbildungen auf dieser Seite sind Eigentum der Noack Partner Fusion GmbH. Der unbefugte Gebrauch ist nicht gestattet.<\/p>\n\n\n\n<p>Haftungsausschluss<\/p>\n\n\n\n<p>Die Angaben auf diesen Seiten erfolgen ohne jede Gew\u00e4hr, insbesondere ohne ausdr\u00fcckliche oder stillschweigende Zusage der Eignung f\u00fcr die Verkaufsf\u00e4higkeit, der Eignung f\u00fcr einen bestimmten Zweck oder der Freiheit von Rechtsverletzungen. Noack Partner Fusion GmbH \u00fcbernimmt keinerlei Gew\u00e4hr f\u00fcr den Zeitpunkt, die Aktualit\u00e4t oder die M\u00e4ngelfreiheit der Angaben auf diesen Seiten.<\/p>\n\n\n\n<p>Konzeption &amp; Realisierung Noack Partner Fusion GmbH<\/p>\n","protected":false},"excerpt":{"rendered":"<p>Firmenanschrift: Noack Partner Fusion GmbH Am Klinikum&nbsp; 7 D-02828&nbsp; G\u00f6rlitz Deutschland Kontakt: Telefon: +49 3581 361234 Fax:&nbsp;&nbsp;&nbsp;&nbsp; +49 3581 361235 E-Mail: info@noack-pf.de Handelsregister: HRB 37358 Amtsgericht Dresden Gesch\u00e4ftsf\u00fchrer: Wolfgang Noack Umsatzsteuer Ident Nummer:&nbsp; DE315513604&nbsp; Steuer Nummer: 207\/115\/03693 Gerichtsstand:G\u00f6rlitz Inhaltlich Verantwortlicher:Wolfgang Noack (Anschrift wie oben) Alle Angaben unseres Internet-Angebotes wurden sorgf\u00e4ltig gepr\u00fcft. Wir bem\u00fchen uns, dieses &#8230; <a title=\"Impressum\" class=\"read-more\" href=\"https:\/\/www.noack-pf.de\/index.php\/unternehmen-2\/impressum\/\" aria-label=\"Mehr Informationen \u00fcber Impressum\">Weiterlesen<\/a><\/p>\n","protected":false},"author":1,"featured_media":0,"parent":250,"menu_order":0,"comment_status":"closed","ping_status":"closed","template":"","meta":{"_coblocks_attr":"","_coblocks_dimensions":"","_coblocks_responsive_height":"","_coblocks_accordion_ie_support":"","_uag_custom_page_level_css":"","footnotes":""},"class_list":["post-20","page","type-page","status-publish"],"uagb_featured_image_src":{"full":false,"thumbnail":false,"medium":false,"medium_large":false,"large":false,"1536x1536":false,"2048x2048":false,"ultp_layout_landscape_large":false,"ultp_layout_landscape":false,"ultp_layout_portrait":false,"ultp_layout_square":false,"wppb-medium":false},"uagb_author_info":{"display_name":"admin","author_link":"https:\/\/www.noack-pf.de\/index.php\/author\/noack\/"},"uagb_comment_info":0,"uagb_excerpt":"Firmenanschrift: Noack Partner Fusion GmbH Am Klinikum&nbsp; 7 D-02828&nbsp; G\u00f6rlitz Deutschland Kontakt: Telefon: +49 3581 361234 Fax:&nbsp;&nbsp;&nbsp;&nbsp; +49 3581 361235 E-Mail: info@noack-pf.de Handelsregister: HRB 37358 Amtsgericht Dresden Gesch\u00e4ftsf\u00fchrer: Wolfgang Noack Umsatzsteuer Ident Nummer:&nbsp; DE315513604&nbsp; Steuer Nummer: 207\/115\/03693 Gerichtsstand:G\u00f6rlitz Inhaltlich Verantwortlicher:Wolfgang Noack (Anschrift wie oben) Alle Angaben unseres Internet-Angebotes wurden sorgf\u00e4ltig gepr\u00fcft. Wir bem\u00fchen uns, dieses&hellip;","jetpack_sharing_enabled":true,"_links":{"self":[{"href":"https:\/\/www.noack-pf.de\/index.php\/wp-json\/wp\/v2\/pages\/20","targetHints":{"allow":["GET"]}}],"collection":[{"href":"https:\/\/www.noack-pf.de\/index.php\/wp-json\/wp\/v2\/pages"}],"about":[{"href":"https:\/\/www.noack-pf.de\/index.php\/wp-json\/wp\/v2\/types\/page"}],"author":[{"embeddable":true,"href":"https:\/\/www.noack-pf.de\/index.php\/wp-json\/wp\/v2\/users\/1"}],"replies":[{"embeddable":true,"href":"https:\/\/www.noack-pf.de\/index.php\/wp-json\/wp\/v2\/comments?post=20"}],"version-history":[{"count":6,"href":"https:\/\/www.noack-pf.de\/index.php\/wp-json\/wp\/v2\/pages\/20\/revisions"}],"predecessor-version":[{"id":510,"href":"https:\/\/www.noack-pf.de\/index.php\/wp-json\/wp\/v2\/pages\/20\/revisions\/510"}],"up":[{"embeddable":true,"href":"https:\/\/www.noack-pf.de\/index.php\/wp-json\/wp\/v2\/pages\/250"}],"wp:attachment":[{"href":"https:\/\/www.noack-pf.de\/index.php\/wp-json\/wp\/v2\/media?parent=20"}],"curies":[{"name":"wp","href":"https:\/\/api.w.org\/{rel}","templated":true}]}}